{"id":51,"date":"2018-08-25T11:10:25","date_gmt":"2018-08-25T09:10:25","guid":{"rendered":"http:\/\/toastmasters-reutlingen.de\/?page_id=51"},"modified":"2022-08-24T17:35:49","modified_gmt":"2022-08-24T15:35:49","slug":"toastmasters-international","status":"publish","type":"page","link":"http:\/\/toastmasters-tuebingen.de\/en\/toastmasters-international\/","title":{"rendered":"Toastmasters International"},"content":{"rendered":"<p>Toastmasters International is a non-profit organization founded in 1924 by Ralph Smedley to promote the art of public speaking and effective communication. Worldwide, Toastmasters International has approximately 16,400 clubs in 141 countries around the world with a total membership of 352,000.<img loading=\"lazy\" decoding=\"async\" class=\"size-medium wp-image-116 alignright\" src=\"http:\/\/toastmasters-reutlingen.de\/wp-content\/uploads\/2018\/12\/club_meeting-720x560.jpg\" alt=\"\" width=\"300\" height=\"232\"><br \/>\nRalph Smedley was a continuing education officer beginning in 1904 and founded many oratory clubs to give advanced high school students the opportunity to give short speeches in a set setting. However, these clubs often disintegrated after the founder left. The first club to survive the departure of the club's founder was \"Smedley Club Number 1,\" founded on October 22, 1924, at the Santa Ana (California) YMCA. Thereafter, there was rapid growth of the concept as well as the associated organization. As a non-profit organization, Toastmasters International was incorporated in California in December 1932. If you would like more information about Toastmasters International, we recommend the <a href=\"https:\/\/en.wikipedia.org\/wiki\/Toastmasters_International\">Wikipedia entry<\/a> or else the own <a href=\"http:\/\/www.toastmasters.org\/\">Homepage<\/a> from Toastmasters International.<\/p>\n<h5>Where and how are we now part of Toastmasters International?<\/h5>\n<p>Here you will find an animation explaining and threading the organizational structure of Toastmasters International.<\/p>\n<div align=\"center\"><iframe loading=\"lazy\" src=\"https:\/\/www.youtube.com\/embed\/jMJ5mw-pk6o\" allow=\"accelerometer; autoplay; encrypted-media; gyroscope; picture-in-picture\" allowfullscreen=\"\" width=\"560\" height=\"315\" frameborder=\"0\"><\/iframe><\/div>","protected":false},"excerpt":{"rendered":"<p>Toastmasters International ist eine 1924 von Ralph Smedley gegr\u00fcndete Non-Profit-Organisation zur F\u00f6rderung der Kunst des \u00f6ffentlichen Redens und der effektiven Kommunikation. Weltweit hat Toastmasters International etwa 16.400 Clubs in 141 L\u00e4ndern der Erde mit insgesammt 352.000 Mitgliedern. Ralph Smedley war<\/p>","protected":false},"author":1,"featured_media":0,"parent":0,"menu_order":0,"comment_status":"closed","ping_status":"closed","template":"","meta":{"footnotes":""},"class_list":["post-51","page","type-page","status-publish","hentry"],"aioseo_notices":[],"_links":{"self":[{"href":"http:\/\/toastmasters-tuebingen.de\/en\/wp-json\/wp\/v2\/pages\/51","targetHints":{"allow":["GET"]}}],"collection":[{"href":"http:\/\/toastmasters-tuebingen.de\/en\/wp-json\/wp\/v2\/pages"}],"about":[{"href":"http:\/\/toastmasters-tuebingen.de\/en\/wp-json\/wp\/v2\/types\/page"}],"author":[{"embeddable":true,"href":"http:\/\/toastmasters-tuebingen.de\/en\/wp-json\/wp\/v2\/users\/1"}],"replies":[{"embeddable":true,"href":"http:\/\/toastmasters-tuebingen.de\/en\/wp-json\/wp\/v2\/comments?post=51"}],"version-history":[{"count":22,"href":"http:\/\/toastmasters-tuebingen.de\/en\/wp-json\/wp\/v2\/pages\/51\/revisions"}],"predecessor-version":[{"id":599,"href":"http:\/\/toastmasters-tuebingen.de\/en\/wp-json\/wp\/v2\/pages\/51\/revisions\/599"}],"wp:attachment":[{"href":"http:\/\/toastmasters-tuebingen.de\/en\/wp-json\/wp\/v2\/media?parent=51"}],"curies":[{"name":"wp","href":"https:\/\/api.w.org\/{rel}","templated":true}]}}