{"id":120,"date":"2018-08-26T17:49:59","date_gmt":"2018-08-26T15:49:59","guid":{"rendered":"http:\/\/toastmasters-reutlingen.de\/?page_id=120"},"modified":"2020-01-03T16:27:50","modified_gmt":"2020-01-03T15:27:50","slug":"material","status":"publish","type":"page","link":"https:\/\/toastmasters-tuebingen.de\/en\/material\/","title":{"rendered":"Material"},"content":{"rendered":"<p>Here are some materials to download. Some are from Toastmasters International. Others have been created by members or other Toastmasters themselves.<\/p>\n<hr>\n<div class=\"materialboxOut\"><strong>Here is the old material for the icebreaker speech:<\/strong><\/p>\n<div class=\"materialboxOut\">\n<div class=\"materialbox\"><a href=\"http:\/\/toastmasters-reutlingen.de\/wp-content\/uploads\/2018\/12\/kompetente_kommunikation_projekt_1_der_eisbrecher-pdf.pdf\"><br \/>\n<img loading=\"lazy\" decoding=\"async\" class=\"alignnone size-medium wp-image-137\" src=\"http:\/\/toastmasters-reutlingen.de\/wp-content\/uploads\/2018\/12\/kompetente_kommunikation_projekt_1_der_eisbrecher-1654x2339.jpg\" alt=\"\" width=\"212\" height=\"300\"><br \/>\nProjekt 1 Eisbrecher-Rede<br \/>\n<\/a><\/div>\n<\/div>\n<hr>\n<div class=\"materialboxOut\"><strong>Here material for the eh-counter:<\/strong><\/p>\n<div class=\"materialbox\"><a href=\"http:\/\/toastmasters-reutlingen.de\/wp-content\/uploads\/2018\/12\/fuellwoerter_vorlage-pdf.pdf\"><br \/>\n<img loading=\"lazy\" decoding=\"async\" class=\"alignnone size-medium wp-image-135\" src=\"http:\/\/toastmasters-reutlingen.de\/wp-content\/uploads\/2018\/12\/fuellwoerter_vorlage-2339x1653.jpg\" alt=\"\" width=\"212\" height=\"300\"><br \/>\nF\u00fcllw\u00f6rter_Vorlage<br \/>\n<\/a><\/div>\n<\/div>\n<hr>\n<div class=\"materialboxOut\"><strong>Here material for the evaluators:<\/strong><\/p>\n<div class=\"materialbox\"><a href=\"http:\/\/toastmasters-reutlingen.de\/wp-content\/uploads\/2018\/12\/evaluation_table-pdf.pdf\"><br \/>\n<img loading=\"lazy\" decoding=\"async\" class=\"alignnone size-medium wp-image-134\" src=\"http:\/\/toastmasters-reutlingen.de\/wp-content\/uploads\/2018\/12\/evaluation_table-1654x2339.jpg\" alt=\"\" width=\"212\" height=\"300\"><br \/>\nEvaluation<br \/>\n<\/a><\/div>\n<div class=\"materialbox\"><a href=\"http:\/\/toastmasters-reutlingen.de\/wp-content\/uploads\/2018\/12\/wertschaetzungen_einschaetzen-pdf.pdf\"><br \/>\n<img loading=\"lazy\" decoding=\"async\" class=\"alignnone size-medium wp-image-140\" src=\"http:\/\/toastmasters-reutlingen.de\/wp-content\/uploads\/2018\/12\/wertschaetzungen_einschaetzen-1654x2339.jpg\" alt=\"\" width=\"212\" height=\"300\"><br \/>\nWertsch\u00e4tzungen<br \/>\n<\/a><\/div>\n<\/div>\n<hr>\n<div class=\"materialboxOut\"><strong>Here material for the Toastmaster:<\/strong><\/p>\n<div class=\"materialbox\"><a href=\"http:\/\/toastmasters-reutlingen.de\/wp-content\/uploads\/2018\/12\/toastmaster_checkliste-pdf.pdf\"><br \/>\n<img loading=\"lazy\" decoding=\"async\" class=\"alignnone size-medium wp-image-136\" src=\"http:\/\/toastmasters-reutlingen.de\/wp-content\/uploads\/2018\/12\/toastmaster_checkliste-1654x2339.jpg\" alt=\"\" width=\"212\" height=\"300\"><br \/>\nToastmaster-Checkliste<br \/>\n<\/a><\/div>\n<div class=\"materialbox\"><a href=\"http:\/\/toastmasters-reutlingen.de\/wp-content\/uploads\/2018\/12\/toastmaster_leitfaden-pdf-kurz.pdf\"><br \/>\n<img loading=\"lazy\" decoding=\"async\" class=\"alignnome size-medium wp-image-136\" src=\"http:\/\/toastmasters-reutlingen.de\/wp-content\/uploads\/2018\/12\/toastmaster_leitfaden_kurz-1654x2339.jpg\" alt=\"\" width=\"212\" height=\"300\"><br \/>\nToastmaster Aufgabe (Zusammenfassung A)<br \/>\n<\/a><\/div>\n<div class=\"materialbox\"><a href=\"http:\/\/toastmasters-reutlingen.de\/wp-content\/uploads\/2020\/01\/toastmasterZusammenfassungBPdf.pdf\"><br \/>\n<img loading=\"lazy\" decoding=\"async\" class=\"alignnome size-medium wp-image-136\" src=\"http:\/\/toastmasters-reutlingen.de\/wp-content\/uploads\/2020\/01\/toastmasterZusammenfassungB1240x1754.jpg\" alt=\"\" width=\"212\" height=\"300\"><br \/>\nToastmaster Aufgabe (Zusammenfassung B)<br \/>\n<\/a><\/div>\n<div class=\"materialbox\"><a href=\"http:\/\/toastmasters-reutlingen.de\/wp-content\/uploads\/2018\/12\/toastmaster_vorbereitung-pdf.pdf\"><br \/>\n<img loading=\"lazy\" decoding=\"async\" class=\"alignnome size-medium wp-image-136\" src=\"http:\/\/toastmasters-reutlingen.de\/wp-content\/uploads\/2018\/12\/toastmaster_vorbereitung-1654x2339.jpg\" alt=\"\" width=\"212\" height=\"300\"><br \/>\nVorbereitung f\u00fcr das Meeting<br \/>\n<\/a><\/div>\n<div class=\"materialbox\"><a href=\"http:\/\/toastmasters-reutlingen.de\/wp-content\/uploads\/2018\/12\/toastmaster_rollenverteilung-pdf.pdf\"><br \/>\n<img loading=\"lazy\" decoding=\"async\" class=\"alignnome size-medium wp-image-136\" src=\"http:\/\/toastmasters-reutlingen.de\/wp-content\/uploads\/2018\/12\/toastmaster_rollenverteilung-1654x2339.jpg\" alt=\"\" width=\"212\" height=\"300\"><br \/>\n\u00dcbersicht Rollenverteilung A<br \/>\n<\/a><\/div>\n<div class=\"materialbox\"><a href=\"http:\/\/toastmasters-reutlingen.de\/wp-content\/uploads\/2020\/01\/rollenverteilungPdf.pdf\"><br \/>\n<img loading=\"lazy\" decoding=\"async\" class=\"alignnome size-medium wp-image-136\" src=\"http:\/\/toastmasters-reutlingen.de\/wp-content\/uploads\/2020\/01\/rollenverteilung1754x1241.jpg\" alt=\"\" width=\"212\" height=\"300\"><br \/>\n\u00dcbersicht Rollenverteilung B<br \/>\n<\/a><\/div>\n<\/div>\n<hr>\n<div class=\"materialboxOut\"><strong>Here information material about Pathways:<\/strong><\/p>\n<div class=\"materialbox\"><a href=\"http:\/\/toastmasters-reutlingen.de\/wp-content\/uploads\/2018\/12\/pathways_paths_and_projects_catalog-pdf.pdf\"><br \/>\n<img loading=\"lazy\" decoding=\"async\" class=\"alignnone size-medium wp-image-142\" src=\"http:\/\/toastmasters-reutlingen.de\/wp-content\/uploads\/2018\/12\/pathways_paths_and_projects_catalog-1700x2200.jpg\" alt=\"\" width=\"212\" height=\"300\"><br \/>\nPathways Paths and Projects Catalog<br \/>\n<\/a><\/div>\n<\/div>\n<hr>\n<div class=\"materialboxOut\"><strong>Here promotional material:<\/strong><\/p>\n<div class=\"materialbox\"><a href=\"http:\/\/toastmasters-reutlingen.de\/wp-content\/uploads\/2019\/02\/poster_2019-pdf.pdf\"><br \/>\n<img loading=\"lazy\" decoding=\"async\" class=\"alignnone size-medium wp-image-140\" src=\"http:\/\/toastmasters-reutlingen.de\/wp-content\/uploads\/2019\/02\/poster_2019-1655x2340.jpg\" alt=\"\" width=\"212\" height=\"300\"><br \/>\nPoster 2019<br \/>\n<\/a><\/div>\n<div class=\"materialbox\"><a href=\"http:\/\/toastmasters-reutlingen.de\/wp-content\/uploads\/2019\/02\/poster_2019_sie-pdf.pdf\"><br \/>\n<img loading=\"lazy\" decoding=\"async\" class=\"alignnone size-medium wp-image-140\" src=\"http:\/\/toastmasters-reutlingen.de\/wp-content\/uploads\/2019\/02\/poster_2019_sie-1655x2340.jpg\" alt=\"\" width=\"212\" height=\"300\"><br \/>\nPoster 2019_SIE<br \/>\n<\/a><\/div>\n<\/div>\n<\/div>","protected":false},"excerpt":{"rendered":"<p>Hier sind einige Materialien zum downloaden. Einige sind von Toastmasters International. Andere sind von Mitgliedern oder anderen Toastmastern selber erstellt worden. Hier das alte Material f\u00fcr die Eisbrecher-Rede: Projekt 1 Eisbrecher-Rede Hier Material f\u00fcr den \u00c4h-Z\u00e4hler: F\u00fcllw\u00f6rter_Vorlage Hier Material f\u00fcr<\/p>","protected":false},"author":1,"featured_media":0,"parent":0,"menu_order":0,"comment_status":"closed","ping_status":"closed","template":"","meta":{"footnotes":""},"class_list":["post-120","page","type-page","status-publish","hentry"],"aioseo_notices":[],"_links":{"self":[{"href":"https:\/\/toastmasters-tuebingen.de\/en\/wp-json\/wp\/v2\/pages\/120","targetHints":{"allow":["GET"]}}],"collection":[{"href":"https:\/\/toastmasters-tuebingen.de\/en\/wp-json\/wp\/v2\/pages"}],"about":[{"href":"https:\/\/toastmasters-tuebingen.de\/en\/wp-json\/wp\/v2\/types\/page"}],"author":[{"embeddable":true,"href":"https:\/\/toastmasters-tuebingen.de\/en\/wp-json\/wp\/v2\/users\/1"}],"replies":[{"embeddable":true,"href":"https:\/\/toastmasters-tuebingen.de\/en\/wp-json\/wp\/v2\/comments?post=120"}],"version-history":[{"count":54,"href":"https:\/\/toastmasters-tuebingen.de\/en\/wp-json\/wp\/v2\/pages\/120\/revisions"}],"predecessor-version":[{"id":645,"href":"https:\/\/toastmasters-tuebingen.de\/en\/wp-json\/wp\/v2\/pages\/120\/revisions\/645"}],"wp:attachment":[{"href":"https:\/\/toastmasters-tuebingen.de\/en\/wp-json\/wp\/v2\/media?parent=120"}],"curies":[{"name":"wp","href":"https:\/\/api.w.org\/{rel}","templated":true}]}}