{"id":209,"date":"2018-09-22T12:19:00","date_gmt":"2018-09-22T10:19:00","guid":{"rendered":"http:\/\/toastmasters-reutlingen.de\/?page_id=209"},"modified":"2024-02-23T18:44:37","modified_gmt":"2024-02-23T17:44:37","slug":"anleitung","status":"publish","type":"page","link":"https:\/\/toastmasters-tuebingen.de\/en\/anleitung\/","title":{"rendered":"How to find us"},"content":{"rendered":"<h1>Anleitung, um uns zu besuchen<\/h1>\n<p>G\u00e4ste sind bei uns sehr herzlich willkommen. Da wir aber aus Erfahrung wissen, dass es nicht immer ganz einfach ist uns zu finden hier die Anleitung dazu.<\/p>\n<p>Unsere Meetings finden im \u201ed.a.i. Deutsch-Amerikanisches Institut T\u00fcbingen\u201c (T\u00fcbingen, Karlstra\u00dfe 3) statt. Wenn du mit dem Auto anreist, kannst du gut im Neckar-Parkhaus parken. Von hier aus nach rechts in Richtung Innenstadt wenden. Wenn du auf die Karlsstra\u00dfe triffst, kannst einmal nach rechts abbiegen und ca. 200 Meter weiter gehen. Das \u201ed.a.i. Deutsch-Amerikanisches Institut T\u00fcbingen\u201c befindet sich auf der linken Seite der Karlstra\u00dfe (Karlstra\u00dfe 3).<\/p>\n<!-- \/wp:post-content -->\n\n<!-- wp:table {\"align\":\"wide\"} -->\n<figure class=\"wp-block-table alignwide\"><table><tbody><tr><td class=\"has-text-align-center\" data-align=\"center\"><img loading=\"lazy\" decoding=\"async\" width=\"450\" height=\"459\" class=\"wp-image-810\" style=\"width: 450px;\" src=\"http:\/\/toastmasters-tuebingen.de\/wp-content\/uploads\/2024\/01\/EingangDAI.jpeg\" alt=\"\" srcset=\"https:\/\/toastmasters-tuebingen.de\/wp-content\/uploads\/2024\/01\/EingangDAI.jpeg 1485w, https:\/\/toastmasters-tuebingen.de\/wp-content\/uploads\/2024\/01\/EingangDAI-294x300.jpeg 294w, https:\/\/toastmasters-tuebingen.de\/wp-content\/uploads\/2024\/01\/EingangDAI-1003x1024.jpeg 1003w, https:\/\/toastmasters-tuebingen.de\/wp-content\/uploads\/2024\/01\/EingangDAI-768x784.jpeg 768w, https:\/\/toastmasters-tuebingen.de\/wp-content\/uploads\/2024\/01\/EingangDAI-12x12.jpeg 12w\" sizes=\"auto, (max-width: 450px) 100vw, 450px\" \/><\/td><td class=\"has-text-align-center\" data-align=\"center\"><img loading=\"lazy\" decoding=\"async\" width=\"370\" height=\"493\" class=\"wp-image-812\" style=\"width: 370px;\" src=\"http:\/\/toastmasters-tuebingen.de\/wp-content\/uploads\/2024\/01\/EingangsbereichDAI.jpeg\" alt=\"\" srcset=\"https:\/\/toastmasters-tuebingen.de\/wp-content\/uploads\/2024\/01\/EingangsbereichDAI.jpeg 1536w, https:\/\/toastmasters-tuebingen.de\/wp-content\/uploads\/2024\/01\/EingangsbereichDAI-225x300.jpeg 225w, https:\/\/toastmasters-tuebingen.de\/wp-content\/uploads\/2024\/01\/EingangsbereichDAI-768x1024.jpeg 768w, https:\/\/toastmasters-tuebingen.de\/wp-content\/uploads\/2024\/01\/EingangsbereichDAI-1152x1536.jpeg 1152w, https:\/\/toastmasters-tuebingen.de\/wp-content\/uploads\/2024\/01\/EingangsbereichDAI-9x12.jpeg 9w\" sizes=\"auto, (max-width: 370px) 100vw, 370px\" \/><\/td><\/tr><\/tbody><\/table><\/figure>\n<!-- \/wp:table -->\n\n<!-- wp:paragraph -->\n<p>Betrete das d.a.i. Geb\u00e4ude und folge der Treppe in den 1. Stock. Hier findest du das d.a.i. Ist die T\u00fcr offen, so trete einfach ein. Ist die T\u00fcr (noch) verschlossen, kann es sein, dass du etwas warten musst, bis das entsprechende Mitglied da ist, welches f\u00fcr den Schl\u00fcssel zust\u00e4ndig ist.<\/p>\n<!-- \/wp:paragraph -->\n\n<!-- wp:table {\"align\":\"wide\"} -->\n<figure class=\"wp-block-table alignwide\"><table><tbody><tr><td class=\"has-text-align-center\" data-align=\"center\"><img loading=\"lazy\" decoding=\"async\" width=\"450\" height=\"655\" class=\"wp-image-815\" style=\"width: 450px;\" src=\"http:\/\/toastmasters-tuebingen.de\/wp-content\/uploads\/2024\/01\/TuerDAI.jpeg\" alt=\"\" srcset=\"https:\/\/toastmasters-tuebingen.de\/wp-content\/uploads\/2024\/01\/TuerDAI.jpeg 1270w, https:\/\/toastmasters-tuebingen.de\/wp-content\/uploads\/2024\/01\/TuerDAI-206x300.jpeg 206w, https:\/\/toastmasters-tuebingen.de\/wp-content\/uploads\/2024\/01\/TuerDAI-704x1024.jpeg 704w, https:\/\/toastmasters-tuebingen.de\/wp-content\/uploads\/2024\/01\/TuerDAI-768x1118.jpeg 768w, https:\/\/toastmasters-tuebingen.de\/wp-content\/uploads\/2024\/01\/TuerDAI-1056x1536.jpeg 1056w, https:\/\/toastmasters-tuebingen.de\/wp-content\/uploads\/2024\/01\/TuerDAI-8x12.jpeg 8w\" sizes=\"auto, (max-width: 450px) 100vw, 450px\" \/><\/td><td class=\"has-text-align-center\" data-align=\"center\"><img loading=\"lazy\" decoding=\"async\" width=\"450\" height=\"600\" class=\"wp-image-813\" style=\"width: 450px;\" src=\"http:\/\/toastmasters-tuebingen.de\/wp-content\/uploads\/2024\/01\/FlurDAI.jpeg\" alt=\"\" srcset=\"https:\/\/toastmasters-tuebingen.de\/wp-content\/uploads\/2024\/01\/FlurDAI.jpeg 1536w, https:\/\/toastmasters-tuebingen.de\/wp-content\/uploads\/2024\/01\/FlurDAI-225x300.jpeg 225w, https:\/\/toastmasters-tuebingen.de\/wp-content\/uploads\/2024\/01\/FlurDAI-768x1024.jpeg 768w, https:\/\/toastmasters-tuebingen.de\/wp-content\/uploads\/2024\/01\/FlurDAI-1152x1536.jpeg 1152w, https:\/\/toastmasters-tuebingen.de\/wp-content\/uploads\/2024\/01\/FlurDAI-9x12.jpeg 9w\" sizes=\"auto, (max-width: 450px) 100vw, 450px\" \/><\/td><\/tr><\/tbody><\/table><\/figure>\n<!-- \/wp:table -->\n\n<!-- wp:paragraph -->\n<p>Um unseren Meeting-Raum nun zu finden, musst du dich im Flur vom d.a.i. nach dem Eintreten nach rechts drehen. Es kann nun sein das wir in der K\u00fcche\/Besprechungsraum (blauer Pfeil) sind oder das wir in der Bibliothek (roter Pfeil) sind. Im zweiten Fall gehe einfach durch die gro\u00dfe Doppelt\u00fcr und drehe dich noch einmal nach links. Jetzt siehst du direkt auf unseren Meeting-Raum.<\/p>\n<!-- \/wp:paragraph -->\n\n<!-- wp:table {\"align\":\"wide\"} -->\n<figure class=\"wp-block-table alignwide\"><table><tbody><tr><td class=\"has-text-align-center\" data-align=\"center\"><img loading=\"lazy\" decoding=\"async\" width=\"450\" height=\"661\" class=\"wp-image-811\" style=\"width: 450px;\" src=\"http:\/\/toastmasters-tuebingen.de\/wp-content\/uploads\/2024\/01\/EingangRaum.jpeg\" alt=\"\" srcset=\"https:\/\/toastmasters-tuebingen.de\/wp-content\/uploads\/2024\/01\/EingangRaum.jpeg 1299w, https:\/\/toastmasters-tuebingen.de\/wp-content\/uploads\/2024\/01\/EingangRaum-204x300.jpeg 204w, https:\/\/toastmasters-tuebingen.de\/wp-content\/uploads\/2024\/01\/EingangRaum-697x1024.jpeg 697w, https:\/\/toastmasters-tuebingen.de\/wp-content\/uploads\/2024\/01\/EingangRaum-768x1128.jpeg 768w, https:\/\/toastmasters-tuebingen.de\/wp-content\/uploads\/2024\/01\/EingangRaum-1046x1536.jpeg 1046w, https:\/\/toastmasters-tuebingen.de\/wp-content\/uploads\/2024\/01\/EingangRaum-8x12.jpeg 8w\" sizes=\"auto, (max-width: 450px) 100vw, 450px\" \/><\/td><td class=\"has-text-align-center\" data-align=\"center\"><\/td><\/tr><\/tbody><\/table><\/figure>\n<!-- \/wp:table -->\n\n<!-- wp:paragraph -->\n<p>Wir freuen uns, dich bei uns zu begr\u00fc\u00dfen. Falls du noch irgendwelche Problem oder Schwierigkeiten hast, kannst du dich gerne bei uns <a href=\"https:\/\/toastmasters-tuebingen.de\/en\/kontakt\/\" title=\"melden\">melden<\/a>.<\/p>\n<!-- \/wp:paragraph -->","protected":false},"excerpt":{"rendered":"<p>Anleitung, um uns zu besuchen G\u00e4ste sind bei uns sehr herzlich willkommen. Da wir aber aus Erfahrung wissen, dass es nicht immer ganz einfach ist uns zu finden hier die Anleitung dazu. Unsere Meetings finden im \u201ed.a.i. Deutsch-Amerikanisches Institut T\u00fcbingen\u201c<\/p>","protected":false},"author":1,"featured_media":0,"parent":0,"menu_order":0,"comment_status":"closed","ping_status":"closed","template":"","meta":{"footnotes":""},"class_list":["post-209","page","type-page","status-publish","hentry"],"aioseo_notices":[],"_links":{"self":[{"href":"https:\/\/toastmasters-tuebingen.de\/en\/wp-json\/wp\/v2\/pages\/209","targetHints":{"allow":["GET"]}}],"collection":[{"href":"https:\/\/toastmasters-tuebingen.de\/en\/wp-json\/wp\/v2\/pages"}],"about":[{"href":"https:\/\/toastmasters-tuebingen.de\/en\/wp-json\/wp\/v2\/types\/page"}],"author":[{"embeddable":true,"href":"https:\/\/toastmasters-tuebingen.de\/en\/wp-json\/wp\/v2\/users\/1"}],"replies":[{"embeddable":true,"href":"https:\/\/toastmasters-tuebingen.de\/en\/wp-json\/wp\/v2\/comments?post=209"}],"version-history":[{"count":65,"href":"https:\/\/toastmasters-tuebingen.de\/en\/wp-json\/wp\/v2\/pages\/209\/revisions"}],"predecessor-version":[{"id":833,"href":"https:\/\/toastmasters-tuebingen.de\/en\/wp-json\/wp\/v2\/pages\/209\/revisions\/833"}],"wp:attachment":[{"href":"https:\/\/toastmasters-tuebingen.de\/en\/wp-json\/wp\/v2\/media?parent=209"}],"curies":[{"name":"wp","href":"https:\/\/api.w.org\/{rel}","templated":true}]}}