{"id":3,"date":"2018-08-25T11:16:09","date_gmt":"2018-08-25T09:16:09","guid":{"rendered":"http:\/\/toastmasters-reutlingen.de?page_id=3"},"modified":"2019-07-28T18:54:17","modified_gmt":"2019-07-28T16:54:17","slug":"datenschutzerklaerung","status":"publish","type":"page","link":"https:\/\/toastmasters-tuebingen.de\/en\/datenschutzerklaerung\/","title":{"rendered":"Datenschutzerkl\u00e4rung"},"content":{"rendered":"<h1>Datenschutzerkl\u00e4rung<\/h1>\n<p>Stand: 28. Juli 2019<\/p>\n<h2>Inhalts\u00fcbersicht<\/h2>\n<ul class=\"index\">\n<li><a class=\"index-link\" href=\"#m264\"> Onlinemarketing<\/a><\/li>\n<li><a class=\"index-link\" href=\"#m328\"> Plugins und eingebettete Funktionen sowie Inhalte<\/a><\/li>\n<\/ul>\n<h2 id=\"mOverview\">\u00dcbersicht der Verarbeitungen<\/h2>\n<p>Die nachfolgende \u00dcbersicht fasst die Arten der verarbeiteten Daten und die Zwecke ihrer Verarbeitung zusammen und verweist auf die betroffenen Personen.<\/p>\n<h3>Arten der verarbeiteten Daten<\/h3>\n<ul>\n<li>Bestandsdaten (Namen, Adressen, etc.).<\/li>\n<li>Inhaltsdaten (Texteingaben, Fotografien, Videos).<\/li>\n<li>Kontaktdaten (E-Mail, Telefonnummern).<\/li>\n<li>Meta-\/Kommunikationsdaten (Ger\u00e4te-Informationen, IP-Adressen).<\/li>\n<li>Nutzungsdaten (besuchte Webseiten, Interesse an Inhalten, Zugriffszeiten).<\/li>\n<\/ul>\n<h3>Kategorien betroffener Personen<\/h3>\n<ul>\n<li>Interessenten.<\/li>\n<li>Nutzer (Websitebesucher, Nutzer von Onlinediensten).<\/li>\n<\/ul>\n<h3>Zwecke der Verarbeitung<\/h3>\n<ul>\n<li>Bereitstellung unseres Onlineangebotes und Nutzerfreundlichkeit.<\/li>\n<li>Besuchsaktionsauswertung.<\/li>\n<li>Interessenbasiertes und verhaltensbezogenes Marketing.<\/li>\n<li>Konversionsmessung (Messung der Effektivit\u00e4t von Marketingma\u00dfnahmen).<\/li>\n<li>Profiling (Erstellen von Profilen der Nutzer).<\/li>\n<li>Remarketing.<\/li>\n<li>Reichweitenmessung (Zugriffsstatistiken, Erkennung wiederkehrender Besucher).<\/li>\n<li>Sicherheitsma\u00dfnahmen.<\/li>\n<li>Tracking (Interessens-\/verhaltensbezogenes Profiling, Cookies).<\/li>\n<li>Vertragliche Leistungen und Service.<\/li>\n<li>Verwaltung und Beantwortung von Anfragen.<\/li>\n<\/ul>\n<h2><\/h2>\n<h2 id=\"m264\">Onlinemarketing<\/h2>\n<p>Wir verarbeiten personenbezogene Daten zu Zwecken des Onlinemarketings, worunter insbesondere die Darstellung von werbenden und sonstigen Inhalten (zusammenfassend als &#8222;Inhalte&#8220; bezeichnet) anhand potentieller Interessen der Nutzer sowie die Messung ihrer Effektivit\u00e4t fallen.<\/p>\n<p>Zu diesen Zwecken werden sogenannte Nutzerprofile angelegt und in einer Datei (sogenannte &#8222;Cookie&#8220;) gespeichert oder \u00e4hnliche Verfahren genutzt, mittels derer die f\u00fcr die Darstellung der vorgenannten Inhalte relevante Angaben zum Nutzer gespeichert werden. Zu diesen Angaben k\u00f6nnen z.B. betrachtete Inhalte, besuchte Webseiten, genutzte Onlinenetzwerke, aber auch Kommunikationspartner und technische Angaben, wie der verwendete Browser, das verwendete Computersystem sowie Angaben zu Nutzungszeiten geh\u00f6ren. Sofern Nutzer in die Erhebung ihrer Standortdaten eingewilligt haben, k\u00f6nnen auch diese verarbeitet werden.<\/p>\n<p>Es werden ebenfalls die IP-Adressen der Nutzer gespeichert. Jedoch nutzen wir IP-Masking-Verfahren (d.h., Pseudonymisierung durch K\u00fcrzung der IP-Adresse) zum Schutz der Nutzer. Generell werden im Rahmen des Onlinemarketingverfahren keine Klardaten der Nutzer (wie z.B. E-Mail-Adressen oder Namen) gespeichert, sondern Pseudonyme. D.h., wir als auch die Anbieter der Onlinemarketingverfahren kennen nicht die tats\u00e4chlich Identit\u00e4t der Nutzer, sondern nur die in deren Profilen gespeicherten Angaben.<\/p>\n<p>Die Angaben in den Profilen werden im Regelfall in den Cookies oder mittels \u00e4hnlicher Verfahren gespeichert. Diese Cookies k\u00f6nnen sp\u00e4ter generell auch auf anderen Webseiten die dasselbe Onlinemarketingverfahren einsetzen, ausgelesen und zu Zwecken der Darstellung von Inhalten analysiert als auch mit weiteren Daten erg\u00e4nzt und auf dem Server des Onlinemarketingverfahrensanbieters gespeichert werden.<\/p>\n<p>Ausnahmsweise k\u00f6nnen Klardaten den Profilen zugeordnet werden. Das ist der Fall, wenn die Nutzer z.B. Mitglieder eines sozialen Netzwerks sind, dessen Onlinemarketingverfahren wir einsetzen und das Netzwerk die Profile der Nutzer im den vorgenannten Angaben verbindet. Wir bitten darum, zu beachten, dass Nutzer mit den Anbietern zus\u00e4tzliche Abreden, z.B. durch Einwilligung im Rahmen der Registrierung, treffen k\u00f6nnen.<\/p>\n<p>Wir erhalten grunds\u00e4tzlich nur Zugang zu zusammengefassten Informationen \u00fcber den Erfolg unserer Werbeanzeigen. Jedoch k\u00f6nnen wir im Rahmen sogenannter Konversionsmessungen pr\u00fcfen, welche unserer Onlinemarketingverfahren zu einer sogenannten Konversion gef\u00fchrt haben, d.h. z.B., zu einem Vertragsschluss mit uns. Die Konversionsmessung wird alleine zur Analyse des Erfolgs unserer Marketingma\u00dfnahmen verwendet.<\/p>\n<p><strong>Hinweise zu Rechtsgrundlagen:<\/strong> Sofern wir die Nutzer um deren Einwilligung in den Einsatz der Drittanbieter bitten, ist die Rechtsgrundlage der Verarbeitung von Daten die Einwilligung. Ansonsten werden die Daten der Nutzer auf Grundlage unserer berechtigten Interessen (d.h. Interesse an effizienten, wirtschaftlichen und empf\u00e4ngerfreundlichen Leistungen) verarbeitet. In diesem Zusammenhang m\u00f6chten wir Sie auch auf die Informationen zur Verwendung von Cookies in dieser Datenschutzerkl\u00e4rung hinweisen.<\/p>\n<ul class=\"m-elements\">\n<li><strong>Verarbeitete Datenarten:<\/strong> Nutzungsdaten (besuchte Webseiten, Interesse an Inhalten, Zugriffszeiten), Meta-\/Kommunikationsdaten (Ger\u00e4te-Informationen, IP-Adressen).<\/li>\n<li><strong>Betroffene Personen:<\/strong> Nutzer (Websitebesucher, Nutzer von Onlinediensten), Interessenten.<\/li>\n<li><strong>Zwecke der Verarbeitung:<\/strong> Tracking (Interessens-\/verhaltensbezogenes Profiling, Cookies), Remarketing, Besuchsaktionsauswertung, Interessenbasiertes und verhaltensbezogenes Marketing, Profiling (Erstellen von Profilen der Nutzer), Konversionsmessung (Messung der Effektivit\u00e4t von Marketingma\u00dfnahmen), Reichweitenmessung (Zugriffsstatistiken, Erkennung wiederkehrender Besucher).<\/li>\n<li><strong>Sicherheitsma\u00dfnahmen:<\/strong> IP-Masking (Pseudonymisierung der IP-Adresse).<\/li>\n<li><strong>Rechtsgrundlagen:<\/strong> Einwilligung (Art. 6 Abs. 1 S. 1 lit. a DSGVO), Berechtigte Interessen (Art. 6 Abs. 1 S. 1 lit. f. DSGVO).<\/li>\n<li><strong>Widerspruchsm\u00f6glichkeit (Opt-Out):<\/strong> Wir verweisen auf die Datenschutzhinweise der jeweiligen Anbieter und die zu den Anbietern angegebenen Widerspruchsm\u00f6glichkeiten (sog. \\&#8220;Opt-Out\\&#8220;). Sofern keine explizite Opt-Out-M\u00f6glichkeit angegeben wurde, besteht zum einen die M\u00f6glichkeit, dass Sie Cookies in den Einstellungen Ihres Browsers abschalten. Hierdurch k\u00f6nnen jedoch Funktionen unseres Onlineangebotes eingeschr\u00e4nkt werden. Wir empfehlen daher zus\u00e4tzlich die folgenden Opt-Out-M\u00f6glichkeiten, die zusammenfassend auf jeweilige Gebiete gerichtet angeboten werden: a) Europa: <a href=\"https:\/\/www.youronlinechoices.eu\" target=\"_blank\" rel=\"noopener noreferrer\">https:\/\/www.youronlinechoices.eu<\/a>. b) Kanada: <a href=\"https:\/\/www.youradchoices.ca\/choices\" target=\"_blank\" rel=\"noopener noreferrer\">https:\/\/www.youradchoices.ca\/choices<\/a>. c) USA: <a href=\"https:\/\/www.aboutads.info\/choices\" target=\"_blank\" rel=\"noopener noreferrer\">https:\/\/www.aboutads.info\/choices<\/a>. d) Gebiets\u00fcbergreifend: <a href=\"http:\/\/optout.aboutads.info\" target=\"_blank\" rel=\"noopener noreferrer\">http:\/\/optout.aboutads.info<\/a>.<\/li>\n<\/ul>\n<p><strong>Eingesetzte Dienste und Diensteanbieter:<\/strong><\/p>\n<ul class=\"m-elements\">\n<li><strong>Google Analytics:<\/strong> Onlinemarketing und Webanalyse; Dienstanbieter: Google Ireland Limited, Gordon House, Barrow Street, Dublin 4, Irland, Mutterunternehmen: Google LLC, 1600 Amphitheatre Parkway, Mountain View, CA 94043, USA; Website: <a href=\"https:\/\/marketingplatform.google.com\/intl\/de\/about\/analytics\/\" target=\"_blank\" rel=\"noopener noreferrer\">https:\/\/marketingplatform.google.com\/intl\/de\/about\/analytics\/<\/a>; Datenschutzerkl\u00e4rung: <a href=\"https:\/\/policies.google.com\/privacy\" target=\"_blank\" rel=\"noopener noreferrer\">https:\/\/policies.google.com\/privacy<\/a>; Privacy Shield (Gew\u00e4hrleistung Datenschutzniveau bei Verarbeitung von Daten in den USA): <a href=\"https:\/\/www.privacyshield.gov\/participant?id=a2zt000000001L5AAI&amp;status=Active\" target=\"_blank\" rel=\"noopener noreferrer\">https:\/\/www.privacyshield.gov\/participant?id=a2zt000000001L5AAI&amp;status=Active<\/a>; Widerspruchsm\u00f6glichkeit (Opt-Out): Opt-Out-Plugin: <a href=\"http:\/\/tools.google.com\/dlpage\/gaoptout?hl=de\" target=\"_blank\" rel=\"noopener noreferrer\">http:\/\/tools.google.com\/dlpage\/gaoptout?hl=de<\/a>, Einstellungen f\u00fcr die Darstellung von Werbeeinblendungen: <a href=\"https:\/\/adssettings.google.com\/authenticated\" target=\"_blank\" rel=\"noopener noreferrer\">https:\/\/adssettings.google.com\/authenticated<\/a>.<\/li>\n<\/ul>\n<h2 id=\"m328\">Plugins und eingebettete Funktionen sowie Inhalte<\/h2>\n<p>Wir binden in unser Onlineangebot Funktions- und Inhaltselemente ein, die von den Servern ihrer jeweiligen Anbieter (nachfolgend bezeichnet als &#8222;Drittanbieter\u201d) bezogen werden. Dabei kann es sich zum Beispiel um Grafiken, Videos oder Social-Media-Schaltfl\u00e4chen sowie Beitr\u00e4ge handeln (nachfolgend einheitlich bezeichnet als &#8222;Inhalte\u201d).<\/p>\n<p>Die Einbindung setzt immer voraus, dass die Drittanbieter dieser Inhalte die IP-Adresse der Nutzer verarbeiten, da sie ohne die IP-Adresse die Inhalte nicht an deren Browser senden k\u00f6nnten. Die IP-Adresse ist damit f\u00fcr die Darstellung dieser Inhalte oder Funktionen erforderlich. Wir bem\u00fchen uns, nur solche Inhalte zu verwenden, deren jeweilige Anbieter die IP-Adresse lediglich zur Auslieferung der Inhalte verwenden. Drittanbieter k\u00f6nnen ferner sogenannte Pixel-Tags (unsichtbare Grafiken, auch als &#8222;Web Beacons&#8220; bezeichnet) f\u00fcr statistische oder Marketingzwecke verwenden. Durch die &#8222;Pixel-Tags&#8220; k\u00f6nnen Informationen, wie der Besucherverkehr auf den Seiten dieser Webseite, ausgewertet werden. Die pseudonymen Informationen k\u00f6nnen ferner in Cookies auf dem Ger\u00e4t der Nutzer gespeichert werden und unter anderem technische Informationen zum Browser und zum Betriebssystem, zu verweisenden Webseiten, zur Besuchszeit sowie weitere Angaben zur Nutzung unseres Onlineangebotes enthalten als auch mit solchen Informationen aus anderen Quellen verbunden werden.<\/p>\n<p><strong>Hinweise zu Rechtsgrundlagen:<\/strong> Sofern wir die Nutzer um deren Einwilligung in den Einsatz der Drittanbieter bitten, ist die Rechtsgrundlage der Verarbeitung von Daten die Einwilligung. Ansonsten werden die Daten der Nutzer auf Grundlage unserer berechtigten Interessen (d.h. Interesse an effizienten, wirtschaftlichen und empf\u00e4ngerfreundlichen Leistungen) verarbeitet. In diesem Zusammenhang m\u00f6chten wir Sie auch auf die Informationen zur Verwendung von Cookies in dieser Datenschutzerkl\u00e4rung hinweisen.<\/p>\n<ul class=\"m-elements\">\n<li><strong>Verarbeitete Datenarten:<\/strong> Nutzungsdaten (besuchte Webseiten, Interesse an Inhalten, Zugriffszeiten), Meta-\/Kommunikationsdaten (Ger\u00e4te-Informationen, IP-Adressen), Bestandsdaten (Namen, Adressen, etc.), Kontaktdaten (E-Mail, Telefonnummern), Inhaltsdaten (Texteingaben, Fotografien, Videos).<\/li>\n<li><strong>Betroffene Personen:<\/strong> Nutzer (Websitebesucher, Nutzer von Onlinediensten).<\/li>\n<li><strong>Zwecke der Verarbeitung:<\/strong> Bereitstellung unseres Onlineangebotes und Nutzerfreundlichkeit, Vertragliche Leistungen und Service, Sicherheitsma\u00dfnahmen, Verwaltung und Beantwortung von Anfragen.<\/li>\n<li><strong>Rechtsgrundlagen:<\/strong> Einwilligung (Art. 6 Abs. 1 S. 1 lit. a DSGVO), Vertragserf\u00fcllung und vorvertragliche Anfragen (Art. 6 Abs. 1 S. 1 lit. b. DSGVO), Berechtigte Interessen (Art. 6 Abs. 1 S. 1 lit. f. DSGVO).<\/li>\n<\/ul>\n<p><strong>Eingesetzte Dienste und Diensteanbieter:<\/strong><\/p>\n<ul class=\"m-elements\">\n<li><strong>YouTube:<\/strong> Videos; Dienstanbieter: Google Ireland Limited, Gordon House, Barrow Street, Dublin 4, Irland, Mutterunternehmen: Google LLC, 1600 Amphitheatre Parkway, Mountain View, CA 94043, USA; Website: <a href=\"https:\/\/www.youtube.com\" target=\"_blank\" rel=\"noopener noreferrer\">https:\/\/www.youtube.com<\/a>; Datenschutzerkl\u00e4rung: <a href=\"https:\/\/policies.google.com\/privacy\" target=\"_blank\" rel=\"noopener noreferrer\">https:\/\/policies.google.com\/privacy<\/a>; Privacy Shield (Gew\u00e4hrleistung Datenschutzniveau bei Verarbeitung von Daten in den USA): <a href=\"https:\/\/www.privacyshield.gov\/participant?id=a2zt000000001L5AAI&amp;status=Active\" target=\"_blank\" rel=\"noopener noreferrer\">https:\/\/www.privacyshield.gov\/participant?id=a2zt000000001L5AAI&amp;status=Active<\/a>; Widerspruchsm\u00f6glichkeit (Opt-Out): Opt-Out-Plugin: <a href=\"http:\/\/tools.google.com\/dlpage\/gaoptout?hl=de\" target=\"_blank\" rel=\"noopener noreferrer\">http:\/\/tools.google.com\/dlpage\/gaoptout?hl=de<\/a>, Einstellungen f\u00fcr die Darstellung von Werbeeinblendungen: <a href=\"https:\/\/adssettings.google.com\/authenticated\" target=\"_blank\" rel=\"noopener noreferrer\">https:\/\/adssettings.google.com\/authenticated<\/a>.<\/li>\n<\/ul>\n<p class=\"seal\"><a title=\"Rechtstext von Dr. Schwenke - f\u00fcr weitere Informationen bitte anklicken.\" href=\"https:\/\/datenschutz-generator.de\/?l=de\" target=\"_blank\" rel=\"noopener noreferrer\">Erstellt mit Datenschutz-Generator.de von Dr. jur. Thomas Schwenke<\/a><\/p>","protected":false},"excerpt":{"rendered":"<p>Datenschutzerkl\u00e4rung Stand: 28. Juli 2019 Inhalts\u00fcbersicht Onlinemarketing Plugins und eingebettete Funktionen sowie Inhalte \u00dcbersicht der Verarbeitungen Die nachfolgende \u00dcbersicht fasst die Arten der verarbeiteten Daten und die Zwecke ihrer Verarbeitung zusammen und verweist auf die betroffenen Personen. Arten der verarbeiteten<\/p>","protected":false},"author":1,"featured_media":0,"parent":0,"menu_order":0,"comment_status":"closed","ping_status":"open","template":"","meta":{"footnotes":""},"class_list":["post-3","page","type-page","status-publish","hentry"],"aioseo_notices":[],"_links":{"self":[{"href":"https:\/\/toastmasters-tuebingen.de\/en\/wp-json\/wp\/v2\/pages\/3","targetHints":{"allow":["GET"]}}],"collection":[{"href":"https:\/\/toastmasters-tuebingen.de\/en\/wp-json\/wp\/v2\/pages"}],"about":[{"href":"https:\/\/toastmasters-tuebingen.de\/en\/wp-json\/wp\/v2\/types\/page"}],"author":[{"embeddable":true,"href":"https:\/\/toastmasters-tuebingen.de\/en\/wp-json\/wp\/v2\/users\/1"}],"replies":[{"embeddable":true,"href":"https:\/\/toastmasters-tuebingen.de\/en\/wp-json\/wp\/v2\/comments?post=3"}],"version-history":[{"count":7,"href":"https:\/\/toastmasters-tuebingen.de\/en\/wp-json\/wp\/v2\/pages\/3\/revisions"}],"predecessor-version":[{"id":614,"href":"https:\/\/toastmasters-tuebingen.de\/en\/wp-json\/wp\/v2\/pages\/3\/revisions\/614"}],"wp:attachment":[{"href":"https:\/\/toastmasters-tuebingen.de\/en\/wp-json\/wp\/v2\/media?parent=3"}],"curies":[{"name":"wp","href":"https:\/\/api.w.org\/{rel}","templated":true}]}}