{"id":55,"date":"2018-08-25T11:12:07","date_gmt":"2018-08-25T09:12:07","guid":{"rendered":"http:\/\/toastmasters-reutlingen.de\/?page_id=55"},"modified":"2018-12-28T19:16:52","modified_gmt":"2018-12-28T18:16:52","slug":"ablauf-eines-meetings","status":"publish","type":"page","link":"https:\/\/toastmasters-tuebingen.de\/en\/ablauf-eines-meetings\/","title":{"rendered":"Meeting procedure"},"content":{"rendered":"<h1>Meeting procedure<\/h1>\n<p><img loading=\"lazy\" decoding=\"async\" class=\"size-medium wp-image-114 alignleft\" src=\"http:\/\/toastmasters-reutlingen.de\/wp-content\/uploads\/2018\/12\/applaus_meeting-720x482.jpg\" alt=\"\" width=\"300\" height=\"201\"><\/p>\n<p>In Toastmasters, you follow a strict agenda during a meeting. Here, the participants take on specific roles. Each role involves specific tasks during the meeting. This gives members the opportunity to focus on a specific activity and develop themselves in it, or help others develop themselves in it.<br \/>\nApplause is a fixed ritual at Toastmaster. Every time a person changes on stage, applause is given until it is completed. This is a fixed ritual, which should support the members in their learning progress. For in this way, each member is given respect for having the courage to try and perform, regardless of the quality of the contribution.<\/p>\n<h1>Roles during a meeting:<\/h1>\n<p><img loading=\"lazy\" decoding=\"async\" class=\"wp-image-65 alignright\" src=\"http:\/\/toastmasters-reutlingen.de\/wp-content\/uploads\/2018\/12\/ablauf_eines_meetings_schaublild-506x662.jpg\" alt=\"\" width=\"505\" height=\"659\"><\/p>\n<h3>Toastmaster:<\/h3>\n<p>The Toastmaster is the host of the evening. He leads through the evening and calls the different roles on stage.<br \/>\nAt the beginning of a meeting, he welcomes the guests, introduces the role distribution of this meeting and names the word of the day. This is tried to be incorporated in the meeting, if possible, spontaneously.<\/p>\n<h3>Table Topics moderator:<\/h3>\n<p>Der Stegreifreden moderiert den ersten Redeteil des Meetings. In diesem ruft er Teilnehmer auf, um spontan eine Rede zu einem vorgegebenen Thema oder in einem vorgegebenen Kontext zu halten. Solche Reden werden Stegreifreden genannt und dauern 1-2 Minuten. F\u00fcr G\u00e4ste sind Stegreifreden eine gute M\u00f6glichkeit, am Meeting teilzunehmen. Der Stegreifredenmoderator wird diese daf\u00fcr ansprechen.<\/p>\n<h3>Vorbereitete Redner:<\/h3>\n<p>Die vorbereiteten Reden finden im zweiten Redeteil des Meetings statt. Die Redner halten ihre vorbereitete Rede, und werden dabei von den Bewertern bewertet. Dabei liegt der Fokus auf bestimmten Aufgaben und Zielen (z.B. Gliederung, Humor, &#8230;). Dies hilft den Rednern sich schrittweise in bestimmten Bereichen zu verbessern.<\/p>\n<h3>Bewerter:<\/h3>\n<p>Die Bewerter haben die Aufgabe, die Redner zu bewerten. Damit helfen sie nicht nur den Mitgliedern sich weiter zu verbessern, sondern sammeln Erfahrungen um besser die eigenen Reden vorzubereiten und halten zu k\u00f6nnen.<\/p>\n<h3>Gesamtbewerter:<\/h3>\n<p>Da nicht nur die vorbereiteten Redner Feedback brauchen, um sich zu verbessern, hat der Gesamtbewerter die Aufgabe, alle Rollen, die noch keine R\u00fcckmeldung erhalten haben (Toastmaster, Bewerter, Stehgreifredenmoderator, &#8230;) zu bewerten bzw. ihnen Feedback zu geben.<\/p>\n<h3>Zeitnehmer:<\/h3>\n<p>Der Zeitnehmer hat die Aufgabe, darauf zu achten, dass das Meeting im gesetzten zeitlichen Rahmen bleibt und niemand, kein Redner und auch keine andere Rolle l\u00e4nger als die angegebene Zeit braucht.<\/p>\n<h3>F\u00fcllwort-Z\u00e4hler:<\/h3>\n<p>Der \u00c4h-Z\u00e4hler z\u00e4hlt die F\u00fcllw\u00f6rter (wie zum Beispiel: \u00c4h, \u00c4hm, Und, Ja, &#8230;), die Teilnehmer w\u00e4hrend eines Meetings benutzen. Dies soll die Teilnehmer daf\u00fcr sensibilisieren, weniger F\u00fcllw\u00f6rter zu benutzen. In unserem Alltag fallen sie uns nicht auf, trotzdem sind diese F\u00fcllw\u00f6rter ein schlechter Sprachstil.<\/p>","protected":false},"excerpt":{"rendered":"<p>Ablauf eines Meetings Bei Toastmasters folgt man w\u00e4hrend eines Meetings einer strikten Agenda. Hierbei nehmen die Teilnehmer bestimmte Rollen ein. Jede Rolle beinhaltet ganz bestimmte Aufgaben w\u00e4hrend des Meetings. Dies gibt den Mitgliedern die M\u00f6glichkeit, sich auf eine ganz bestimmte<\/p>","protected":false},"author":1,"featured_media":0,"parent":0,"menu_order":0,"comment_status":"closed","ping_status":"closed","template":"","meta":{"footnotes":""},"class_list":["post-55","page","type-page","status-publish","hentry"],"aioseo_notices":[],"_links":{"self":[{"href":"https:\/\/toastmasters-tuebingen.de\/en\/wp-json\/wp\/v2\/pages\/55","targetHints":{"allow":["GET"]}}],"collection":[{"href":"https:\/\/toastmasters-tuebingen.de\/en\/wp-json\/wp\/v2\/pages"}],"about":[{"href":"https:\/\/toastmasters-tuebingen.de\/en\/wp-json\/wp\/v2\/types\/page"}],"author":[{"embeddable":true,"href":"https:\/\/toastmasters-tuebingen.de\/en\/wp-json\/wp\/v2\/users\/1"}],"replies":[{"embeddable":true,"href":"https:\/\/toastmasters-tuebingen.de\/en\/wp-json\/wp\/v2\/comments?post=55"}],"version-history":[{"count":12,"href":"https:\/\/toastmasters-tuebingen.de\/en\/wp-json\/wp\/v2\/pages\/55\/revisions"}],"predecessor-version":[{"id":430,"href":"https:\/\/toastmasters-tuebingen.de\/en\/wp-json\/wp\/v2\/pages\/55\/revisions\/430"}],"wp:attachment":[{"href":"https:\/\/toastmasters-tuebingen.de\/en\/wp-json\/wp\/v2\/media?parent=55"}],"curies":[{"name":"wp","href":"https:\/\/api.w.org\/{rel}","templated":true}]}}