{"id":8,"date":"2018-08-25T10:25:02","date_gmt":"2018-08-25T08:25:02","guid":{"rendered":"http:\/\/toastmasters-reutlingen.de\/?page_id=8"},"modified":"2022-08-24T17:35:27","modified_gmt":"2022-08-24T15:35:27","slug":"startseite","status":"publish","type":"page","link":"https:\/\/toastmasters-tuebingen.de\/en\/","title":{"rendered":"Homepage"},"content":{"rendered":"<p>Standst du auch schon einmal vor einer Gruppe, deine gesamte Vorbereitung fest in den H\u00e4nden klammernd und konntest trotzdem kein Wort herausbringen. Ein typisches Anzeichen von Lampenfieber.<\/p>\n<p>Bei Toastmaster hast du die M\u00f6glichkeit in einer entspannten und freundlichen Umgebung langsam daran zu arbeiten \u00c4ngste und Unsicherheiten, wie zum Beispiel Lampenfieber, zu verlieren. Dabei erf\u00e4hrst du Unterst\u00fctzung von anderen Mitgliedern sowie zus\u00e4tzlichen Materialien.<\/p>\n<p>Toastmaster Reutlingen ist ein Club der Teil von <a href=\"http:\/\/toastmasters-reutlingen.de\/toastmasters-international\/\">Toastmaster International<\/a> ist.<\/p>","protected":false},"excerpt":{"rendered":"<p>Standst du auch schon einmal vor einer Gruppe, deine gesamte Vorbereitung fest in den H\u00e4nden klammernd und konntest trotzdem kein Wort herausbringen. Ein typisches Anzeichen von Lampenfieber. Bei Toastmaster hast du die M\u00f6glichkeit in einer entspannten und freundlichen Umgebung langsam<\/p>","protected":false},"author":1,"featured_media":0,"parent":0,"menu_order":0,"comment_status":"closed","ping_status":"closed","template":"page-templates\/business.php","meta":{"footnotes":""},"class_list":["post-8","page","type-page","status-publish","hentry"],"aioseo_notices":[],"_links":{"self":[{"href":"https:\/\/toastmasters-tuebingen.de\/en\/wp-json\/wp\/v2\/pages\/8","targetHints":{"allow":["GET"]}}],"collection":[{"href":"https:\/\/toastmasters-tuebingen.de\/en\/wp-json\/wp\/v2\/pages"}],"about":[{"href":"https:\/\/toastmasters-tuebingen.de\/en\/wp-json\/wp\/v2\/types\/page"}],"author":[{"embeddable":true,"href":"https:\/\/toastmasters-tuebingen.de\/en\/wp-json\/wp\/v2\/users\/1"}],"replies":[{"embeddable":true,"href":"https:\/\/toastmasters-tuebingen.de\/en\/wp-json\/wp\/v2\/comments?post=8"}],"version-history":[{"count":2,"href":"https:\/\/toastmasters-tuebingen.de\/en\/wp-json\/wp\/v2\/pages\/8\/revisions"}],"predecessor-version":[{"id":68,"href":"https:\/\/toastmasters-tuebingen.de\/en\/wp-json\/wp\/v2\/pages\/8\/revisions\/68"}],"wp:attachment":[{"href":"https:\/\/toastmasters-tuebingen.de\/en\/wp-json\/wp\/v2\/media?parent=8"}],"curies":[{"name":"wp","href":"https:\/\/api.w.org\/{rel}","templated":true}]}}