{"id":9,"date":"2018-08-25T10:25:02","date_gmt":"2018-08-25T08:25:02","guid":{"rendered":"http:\/\/toastmasters-reutlingen.de\/?page_id=9"},"modified":"2022-08-24T17:41:49","modified_gmt":"2022-08-24T15:41:49","slug":"ueber-mich","status":"publish","type":"page","link":"https:\/\/toastmasters-tuebingen.de\/en\/ueber-mich\/","title":{"rendered":"About our club"},"content":{"rendered":"<div class=\"textkoerper\">\n<h1>Unser Club:<\/h1>\n<p>Unseren Club gibt es seit ca. 2013. Am Anfang waren wir nur ein Zusammentreffen,<br \/>\nvon interessierten Rednern. Im Juni 2018 sind wir dann als &#8222;Toastmaster Rhetorikclub Reutlingen&#8220; Teil von Toastmaster International geworden. Nach einer Umstrukturierung haben wir uns 2021 in T\u00fcbingen wieder neu als <strong>&#8222;Toastmasters Redeclub T\u00fcbingen&#8220;<\/strong> gefunden.<\/p>\n<p>Jeder Toastmasterclub wird von seinen Mitgliedern gef\u00fchrt. Dabei nehmen verschiedene Mitglieder auch verschiedene Aufgaben ein. Dies ist nicht nur notwendig, sondern auch, eine gute M\u00f6glichkeit die eigenen F\u00fchrungsqualit\u00e4ten zu verbessern.<\/p>\n<div class=\"infoboxOut\">\n<div class=\"infobox\"><img decoding=\"async\" src=\"http:\/\/toastmasters-reutlingen.de\/wp-content\/uploads\/2019\/04\/Presedent_285x285.jpg\" alt=\"Pr\u00e4sident\" height=\"200\"><\/p>\n<h1>Pr\u00e4sident<\/h1>\n<p>John ist der Pr\u00e4sident unseres Clubs. Die Rolle des Pr\u00e4sidenten ist es als Clubvorstand den Club zu unterst\u00fctzen. So hat er den offiziellen Vorsitz bei Meetings und legt f\u00fcr die Dauer seiner Amtszeit (ein Jahr) die Club-Strategie fest. Er motiviert und unterst\u00fctzt die einzelnen Mitglieder nach Bedarf. Er trifft Entscheidungen immer in Absprache mit den anderen Clubvorst\u00e4nden, die ihn bei seiner Arbeit unterst\u00fctzen.<\/p>\n<p>Kontakt: <a href=\"http:\/\/toastmasters-reutlingen.de\/kontaktformular-clubvorstand\/\">Clubvorstand<\/a><\/p>\n<\/div>\n<div class=\"infobox\"><img decoding=\"async\" src=\"http:\/\/toastmasters-reutlingen.de\/wp-content\/uploads\/2019\/04\/VP_Education_285x285.jpg\" alt=\"Vizepr\u00e4sident Weiterbildung\" height=\"200\"><\/p>\n<h1>Vizepr\u00e4sident Weiterbildung<\/h1>\n<p>Tommy als erfahrener Rhetoriker hat sich dazu bereit erkl\u00e4rt die Rolle des Vizepr\u00e4sident Weiterbildung zu \u00fcbernehmen. Der Vizepr\u00e4sident Weiterbildung plant die Reden und Projekte der Mitglieder zeitlich und dient als Ressource bei Fragen zu Weiterbildungsauszeichnungen, Redewettbewerben und dem Mentorenprogramm. Damit ist der VP Weiterbildung die wichtigste Quelle, um \u00fcber das Weiterbildungsprogramm von Toastmasters Informationen zu bekommen.<\/p>\n<p>Kontakt: <a href=\"https:\/\/toastmasters-reutlingen.de\/kontaktformular-weiterbildung\/\">VP Weiterbildung<\/a><\/p>\n<\/div>\n<\/div>\n<div class=\"infoboxOut\">\n<div class=\"infobox\"><img decoding=\"async\" src=\"http:\/\/toastmasters-reutlingen.de\/wp-content\/uploads\/2019\/04\/VP_Membership_285x285.jpg\" alt=\"Vizepr\u00e4sident Mitglieder\" height=\"200\"><\/p>\n<h1>Vizepr\u00e4sidentin Mitglieder<\/h1>\n<p>Christina ist die erste Ansprechpartnerin f\u00fcr G\u00e4ste. Sie hat die Aufgabe G\u00e4ste in Mitglieder zu &#8222;verwandeln&#8220;. Sie stellt Informationen f\u00fcr neue Mitglieder bereit, die sie zum Beitritt ben\u00f6tigen. Des Weiteren \u00fcberwacht sie aufmerksam den Mitgliederstand und entwirft mit dem restlichen Vorstand Strategien dazu, wie Mitgliedschaftsprobleme gel\u00f6st werden, wenn sie auftreten.<\/p>\n<p>Kontakt: <a href=\"https:\/\/toastmasters-reutlingen.de\/kontaktformular-mitgliedschaft\/\">VP Mitgliederschaft<\/a><\/p>\n<\/div>\n<div class=\"infobox\"><img decoding=\"async\" src=\"http:\/\/toastmasters-reutlingen.de\/wp-content\/uploads\/2019\/04\/VP_Public_Relation_285x285.jpg\" alt=\"Vizepr\u00e4sident \u00d6ffentlichkeitsarbeit\" height=\"200\"><\/p>\n<h3>Vizepr\u00e4sident \u00d6ffentlichkeitsarbeit<\/h3>\n<p>Paul ist als unser Vizepr\u00e4sident f\u00fcr \u00d6ffentlichkeitsarbeit daf\u00fcr zust\u00e4ndig den Club zu bewerben und neue G\u00e4ste zu finden. Alle Inhalte werden von ihm aktualisiert. So werden die Sozialmedia-Accounts und die Webseite von ihm verwaltet.<\/p>\n<p>Kontakt: <a href=\"https:\/\/toastmasters-reutlingen.de\/kontaktformular-oeffentlichkeitsarbeit\/\">\u00d6ffentlichkeitsarbeit<\/a><\/p>\n<\/div>\n<\/div>\n<div class=\"infoboxOut\">\n<div class=\"infobox\"><img decoding=\"async\" src=\"http:\/\/toastmasters-reutlingen.de\/wp-content\/uploads\/2019\/04\/Secretary_285x285.jpg\" alt=\"Schriftf\u00fchrer\" height=\"200\"><\/p>\n<h1>Schriftf\u00fchrerin<\/h1>\n<p>Sandra f\u00fchrt als Schriftf\u00fchrer alle Clubaufzeichnungen und verwaltet die Clubakten. Au\u00dferdem k\u00fcmmert sie sich um die Korrespondenz und f\u00fchrt Protokolle bei allen Vorstandstreffen.<\/p>\n<p>Kontakt: &#8212;&#8211;<\/p>\n<\/div>\n<div class=\"infobox\"><img decoding=\"async\" src=\"http:\/\/toastmasters-reutlingen.de\/wp-content\/uploads\/2019\/04\/Sergeant-at-Arms_285x285.jpg\" alt=\"Saalmeister\" height=\"200\"><\/p>\n<h1>Saalmeisterin<\/h1>\n<p>Jonas als eins unser l\u00e4ngsten Mitglieder hat die Aufgabe des Saalmeisters \u00fcbernommen. Somit ist er daf\u00fcr zust\u00e4ndig einen \u00dcberblick \u00fcber das Eigentum des Clubs wie Fahne, Rednerpult, Zeitmessger\u00e4t und anderen Materialien, die f\u00fcr ein Meeting notwendig sind, zu haben. Er kommt fr\u00fchzeitig und sorgt daf\u00fcr, dass der Raum bereitstellt ist.<\/p>\n<p>Kontakt: &#8212;&#8211;<\/p>\n<\/div>\n<\/div>\n<div class=\"infoboxOut\">\n<div class=\"infobox\">\n<h1>Schatzmeisterin<\/h1>\n<p>Barbara ist unsere Schatzmeisterin. Somit ist sie der Buchhalter des Clubs. Sie verwaltet das Bankkonto des Clubs und zahlt alle Ausgaben und Betr\u00e4ge, die der Club t\u00e4tigt. Alle Mitgliederbeitr\u00e4ge werden von ihr eingesammelt und verbucht.<\/p>\n<p>Kontakt: <a href=\"https:\/\/toastmasters-reutlingen.de\/kontaktformular-finanzen\/\">Schatzmeister<\/a><\/p>\n<\/div>\n<\/div>\n<\/div>","protected":false},"excerpt":{"rendered":"<p>Unser Club: Unseren Club gibt es seit ca. 2013. Am Anfang waren wir nur ein Zusammentreffen, von interessierten Rednern. Im Juni 2018 sind wir dann als &#8222;Toastmaster Rhetorikclub Reutlingen&#8220; Teil von Toastmaster International geworden. Nach einer Umstrukturierung haben wir uns<\/p>","protected":false},"author":1,"featured_media":0,"parent":0,"menu_order":0,"comment_status":"closed","ping_status":"closed","template":"","meta":{"footnotes":""},"class_list":["post-9","page","type-page","status-publish","hentry"],"aioseo_notices":[],"_links":{"self":[{"href":"https:\/\/toastmasters-tuebingen.de\/en\/wp-json\/wp\/v2\/pages\/9","targetHints":{"allow":["GET"]}}],"collection":[{"href":"https:\/\/toastmasters-tuebingen.de\/en\/wp-json\/wp\/v2\/pages"}],"about":[{"href":"https:\/\/toastmasters-tuebingen.de\/en\/wp-json\/wp\/v2\/types\/page"}],"author":[{"embeddable":true,"href":"https:\/\/toastmasters-tuebingen.de\/en\/wp-json\/wp\/v2\/users\/1"}],"replies":[{"embeddable":true,"href":"https:\/\/toastmasters-tuebingen.de\/en\/wp-json\/wp\/v2\/comments?post=9"}],"version-history":[{"count":60,"href":"https:\/\/toastmasters-tuebingen.de\/en\/wp-json\/wp\/v2\/pages\/9\/revisions"}],"predecessor-version":[{"id":781,"href":"https:\/\/toastmasters-tuebingen.de\/en\/wp-json\/wp\/v2\/pages\/9\/revisions\/781"}],"wp:attachment":[{"href":"https:\/\/toastmasters-tuebingen.de\/en\/wp-json\/wp\/v2\/media?parent=9"}],"curies":[{"name":"wp","href":"https:\/\/api.w.org\/{rel}","templated":true}]}}